{"id":1358,"date":"2018-01-11T18:49:20","date_gmt":"2018-01-11T17:49:20","guid":{"rendered":"https:\/\/www.sprachschule-aktiv-rosenheim.de\/home\/"},"modified":"2025-12-03T06:30:32","modified_gmt":"2025-12-03T05:30:32","slug":"home","status":"publish","type":"page","link":"https:\/\/www.sprachschule-aktiv-rosenheim.de\/es\/","title":{"rendered":"Home"},"content":{"rendered":"<p>[vc_row css=&#8221;.vc_custom_1538648120619{margin-top: 20px !important;}&#8221;][vc_column][vc_column_text]<\/p>\n<h1>Cursos de alem\u00e1n en Rosenheim \u2013 aprender alem\u00e1n en la escuela Sprachschule Aktiv<\/h1>\n<p>\u00bfDeseas aprender alem\u00e1n en Rosenheim ? Nuestra escuela de alem\u00e1n en Rosenheim te ofrece diferentes cursos de alem\u00e1n como cursos intensivos, extensivos, privados o cursos de preparci\u00f3n para el examen del Tec o TestDaF. Dependiendo del odjetivo e inversi\u00f3n de tiempo puedes elejir entre cursos intensivos, cursos en grupo \u00f3 cursos individuales. Todos nuestros cursos de idioma son dirigidos por hablantes nativos cualificados y se llevan a cabo para cada nivel de idioma. Beneficiate t\u00fa tambi\u00e9n de nuestro test de nivel y de una lecci\u00f3n de prueba gratuitos.[\/vc_column_text]\t<div class=\"vc_btn3-container vc_btn3-inline\">\n\t\t<a href=\"\/es\/contactar\/\" class=\"pgs_btn pgs_btn_style_1 pgs_btn_lg\">\n\t\t\t<span>\n\t\t\t\tContacta con nosotros\t\t\t<\/span>\n\t\t\t\t\t<\/a>\n\t<\/div>\n\t[vc_row_inner css=&#8221;.vc_custom_1578993583451{margin-top: 20px !important;}&#8221;][vc_column_inner width=&#8221;1\/2&#8243;][vc_column_text]<iframe src=\"https:\/\/www.youtube.com\/embed\/54-5aCU96MM\" width=\"560\" height=\"315\" frameborder=\"0\" allowfullscreen=\"allowfullscreen\"><\/iframe>[\/vc_column_text][\/vc_column_inner][vc_column_inner width=&#8221;1\/2&#8243;][vc_column_text]<iframe src=\"https:\/\/www.youtube.com\/embed\/OmlDX1rDL-w\" width=\"100%\" height=\"315\" frameborder=\"0\" allowfullscreen=\"allowfullscreen\"><\/iframe>[\/vc_column_text][\/vc_column_inner][\/vc_row_inner][\/vc_column][\/vc_row][vc_row full_width=&#8221;stretch_row&#8221; css=&#8221;.vc_custom_1538648473780{padding-top: 10px !important;padding-bottom: 25px !important;background-color: #f9f9f9 !important;}&#8221;][vc_column][vc_column_text]<\/p>\n<h2>Cursos de alem\u00e1n en Rosenheim para todos los niveles de A1 hasta C2<\/h2>\n<p>[\/vc_column_text][vc_single_image image=&#8221;1398&#8243; img_size=&#8221;full&#8221; alignment=&#8221;center&#8221;][vc_column_text]Nosotros ofrecemos cursos de alem\u00e1n para principiantes y avanzados. Al clasificar los cursos en los diversos niveles de idioma nos orientamos en el Contexto Com\u00fan Europeo de Referencia para las Lenguas (CCER). La clasificaci\u00f3n es de A1 a C2. Si ya has participado en un curso de alem\u00e1n, puedes unirte a nosotros en el pr\u00f3ximo curso. \u00bfNo est\u00e1s seguro de tu nivel actual de conocimiento? Utiliza nuestro test de nivelaci\u00f3n gratuito para determinar su nivel de idioma. Tiene la posibilidad de hacer la prueba de nivel online o en nuestras oficinas en Rosenheim.[\/vc_column_text][\/vc_column][\/vc_row][vc_row css=&#8221;.vc_custom_1538648446418{margin-top: 15px !important;}&#8221;][vc_column][vc_column_text]<\/p>\n<h2>Nuestra escuela de alem\u00e1n en Rosenheim te ofrece diferentes cursos<\/h2>\n<p>Puedes elegir entre varios modelos de cursos. Dependiendo de tus objetivos y del tiempo que puedes invertir en un curso de alem\u00e1n, puedes elegir entre un curso intensivo, de grupo o individual.<\/p>\n<p>[\/vc_column_text][vc_row_inner][vc_column_inner width=&#8221;1\/2&#8243;][vc_column_text]<img decoding=\"async\" class=\"alignnone wp-image-1328 size-full\" src=\"https:\/\/www.sprachschule-aktiv-rosenheim.de\/wp-content\/uploads\/2020\/02\/sprachkurse-rosenheim.jpg\" alt=\"Aprende alem\u00e1n f\u00e1cilmente en Rosenheim\" width=\"600\" height=\"352\" srcset=\"https:\/\/www.sprachschule-aktiv-rosenheim.de\/wp-content\/uploads\/2020\/02\/sprachkurse-rosenheim.jpg 600w, https:\/\/www.sprachschule-aktiv-rosenheim.de\/wp-content\/uploads\/2020\/02\/sprachkurse-rosenheim-300x176.jpg 300w, https:\/\/www.sprachschule-aktiv-rosenheim.de\/wp-content\/uploads\/2020\/02\/sprachkurse-rosenheim-124x74.jpg 124w\" sizes=\"(max-width: 600px) 100vw, 600px\" \/>[\/vc_column_text][\/vc_column_inner][vc_column_inner width=&#8221;1\/2&#8243;][vc_column_text]Un curso intensivo se realiza todos los d\u00edas de lunes a viernes durante tres horas cada uno. Esto te permite progresar r\u00e1pidamente, pero tambi\u00e9n debes dejar un tiempo por la tarde para hacer un seguimiento de lo que has aprendido.<\/p>\n<p>Los cursos en grupo tienen lugar por la noche y por lo tanto son ideales si trabajas o estudias durante el d\u00eda. Tendr\u00e1s una o dos lecciones por semana, cada una de ellas de 90 minutos de duraci\u00f3n.<\/p>\n<p>T\u00fa puedes planificar un curso individual seg\u00fan tus deseos, tanto en t\u00e9rminos de tiempo como de contenido. Al hacerlo, ense\u00f1amos individualmente lo que el participante realmente necesita. Adaptamos el tiempo a su horario.[\/vc_column_text][\/vc_column_inner][\/vc_row_inner][\/vc_column][\/vc_row][vc_row full_width=&#8221;stretch_row&#8221; css=&#8221;.vc_custom_1538648658554{padding-top: 10px !important;padding-bottom: 25px !important;background-color: #f9f9f9 !important;}&#8221;][vc_column][vc_column_text]<\/p>\n<h2>Aprende alem\u00e1n en grupos peque\u00f1os<\/h2>\n<p>Todos los cursos en la Escuela de Idiomas Aktiv de Rosenheim se realizan en peque\u00f1os grupos con un m\u00e1ximo de 5 alumnos. Esto permite una agradable atm\u00f3sfera de aprendizaje en la que cada participante puede participar activamente en las lecciones. Si el n\u00famero de participantes es peque\u00f1o, el profesor tambi\u00e9n tiene adicionalmente la posibilidad de responder y apoyar a cada estudiante individualmente. Como aprendiz, progresas m\u00e1s r\u00e1pido, lo que adicionalmente te motiva y divierte.<\/p>\n<h2>Cursos de alem\u00e1n para empresas<\/h2>\n<p>Para sus empleados de otros paises ofrecemos cursos especiales de alem\u00e1n. Estos se adaptan a las necesidades de las empresas. Por ejemplo, el profesor va a su empresa para dar un curso de formaci\u00f3n en la empresa. De antemano, nuestros empleados aclaran qu\u00e9 conocimientos especiales deben impartirse y qu\u00e9 habilidades deben practicarse.<\/p>\n<h2>Clases de alem\u00e1n con hablantes nativos cualificados<\/h2>\n<p>Nuestros cursos de idiomas son dirigidos por hablantes nativos altamente capacitados. De esta manera, aprender\u00e1s la pronunciaci\u00f3n y el vocabulario correctos desde el principio. Adem\u00e1s, aprender\u00e1s hechos interesantes sobre el pa\u00eds, su cultura y su gente.<\/p>\n<p>Nuestros profesores tienen formaci\u00f3n pedag\u00f3gica, para ense\u00f1ar el idioma con los m\u00e1s modernos m\u00e9todos did\u00e1cticos. Al mismo tiempo, tambi\u00e9n se asegurar\u00e1 de que no se descuide la diversi\u00f3n. \u00a1Porque s\u00f3lo los que se sienten c\u00f3modos aprenden de manera efectiva![\/vc_column_text][\/vc_column][\/vc_row][vc_row css=&#8221;.vc_custom_1538648446418{margin-top: 15px !important;}&#8221;][vc_column][vc_column_text]<\/p>\n<h2>Prueba nuestros cursos de alem\u00e1n con una clase de prueba gratuita<\/h2>\n<p>\u00bfHas elegido un curso pero no est\u00e1s seguro si es el correcto? \u00a1Pru\u00e9balo en una clase de prueba gratuita! Despu\u00e9s de esto, puedes tener una idea y decidir si deseas continuar con ese curso. Si este no es el caso, se te devolver\u00e1 el dinero del curso ya pagado. De tal forma es la reservaci\u00f3n de un curso en la Escuela de Idiomas Aktiv de Rosenheim completamente libre de riesgos para ti.<\/p>\n<p>P\u00edde a nuestro personal una clase de prueba gratuita. Estar\u00e1n encantados de ayudarte.<\/p>\n<p>Cursos intensivos de alem\u00e1n en Rosenheim \u2013 Precios y fechas de inicio<\/p>\n<p><strong>Curso intensivo de lunes a jueves<\/strong><\/p>\n<ul>\n<li>Fecha de inicio: el primer lunes de cada mes<\/li>\n<li>Curso intensivo de lunes a jueves de 9:00 a 12:00<\/li>\n<li>Precio por 4 semanas: 289 \u20ac<\/li>\n<\/ul>\n<p><strong>Curso intensivo de lunes a viernes<\/strong><\/p>\n<ul>\n<li>Fecha de inicio: el primer lunes de cada mes<\/li>\n<li>Horario: de lunes a viernes de 9:00 a 12:00<\/li>\n<\/ul>\n<p>Precios:<\/p>\n<ul>\n<li>1 semana: 200 \u20ac<\/li>\n<li>2 semanas: 299 \u20ac<\/li>\n<li>3 semanas: 350 \u20ac<\/li>\n<li>4 semanas: 399 \u20ac (precio por mes)<\/li>\n<\/ul>\n<p>[\/vc_column_text][\/vc_column][\/vc_row][vc_row full_width=&#8221;stretch_row&#8221; css=&#8221;.vc_custom_1538648658554{padding-top: 10px !important;padding-bottom: 25px !important;background-color: #f9f9f9 !important;}&#8221;][vc_column][vc_column_text]<\/p>\n<h2>Clases particulares de alem\u00e1n en Rosenheim<\/h2>\n<p>Clases individuales de alem\u00e1n en Rosenheim con hablantes nativos cualificados. Aprendizaje individual y flexible con profesores particulares.<br \/>\n\u00bfLe gustar\u00eda aprender alem\u00e1n de una manera espec\u00edfica e individual? La escuela de idiomas Aktiv en Rosenheim ofrece cursos privados para este prop\u00f3sito. En estos cursos tienes la oportunidad de aprender alem\u00e1n de la manera que sea mejor para ti. Usted determina tanto el marco de tiempo como el contenido de las lecciones. Junto con su profesor particular, practicar\u00e1n lo que han aprendido intensivamente. Un curso individual le ofrece la oportunidad ideal para progresar r\u00e1pida y eficazmente.<\/p>\n<h2>Precios de un curso individual de alem\u00e1n<\/h2>\n<p>Usted determina el n\u00famero de clases individualmente. Una clase dura siempre 45 minutos. Tenga en cuenta que cuantas m\u00e1s clases reserve, m\u00e1s barata ser\u00e1 la clase individual.<\/p>\n<ul>\n<li>1 hasta 19 horas cuestan 42 euros por hora de clase<\/li>\n<li>20 hasta 30 horas cuestan 40 euros por hora de clase<\/li>\n<li>m\u00e1s de 30 horas cuestan 38 euros por hora de clase<\/li>\n<\/ul>\n<p>Nuestra oferta especial para ti: Puedes traer hasta dos amigos, que tambi\u00e9n quieren aprender alem\u00e1n contigo a tu curso sin pagar un precio extra.[\/vc_column_text][\/vc_column][\/vc_row]<\/p>\n","protected":false},"excerpt":{"rendered":"<p>[vc_row css=&#8221;.vc_custom_1538648120619{margin-top: 20px !important;}&#8221;][vc_column][vc_column_text] Cursos de alem\u00e1n en Rosenheim \u2013 aprender alem\u00e1n en la escuela Sprachschule Aktiv \u00bfDeseas aprender alem\u00e1n en Rosenheim ? Nuestra escuela de alem\u00e1n en Rosenheim te ofrece diferentes cursos de alem\u00e1n como cursos intensivos, extensivos, privados o cursos de preparci\u00f3n para el examen del Tec o TestDaF. Dependiendo del odjetivo e&hellip; <a class=\"read-more\" href=\"https:\/\/www.sprachschule-aktiv-rosenheim.de\/es\/\" title=\"Read Home\">Read more &raquo;<\/a><\/p>\n","protected":false},"author":1,"featured_media":0,"parent":0,"menu_order":0,"comment_status":"closed","ping_status":"closed","template":"","meta":{"footnotes":""},"class_list":["post-1358","page","type-page","status-publish","hentry"],"yoast_head":"<!-- This site is optimized with the Yoast SEO plugin v27.1.1 - https:\/\/yoast.com\/product\/yoast-seo-wordpress\/ -->\n<title>Cursos de alem\u00e1n en Rosenheim \u2013 A1, A2, B1, B2, C1, C2<\/title>\n<meta name=\"description\" content=\"Aprende alem\u00e1n en Rosenheim con cursos A1\u2013C2. Grupos peque\u00f1os, profesores cualificados y horarios flexibles. Ideal para trabajo o estudios\" \/>\n<meta name=\"robots\" content=\"index, follow, max-snippet:-1, max-image-preview:large, max-video-preview:-1\" \/>\n<link rel=\"canonical\" href=\"https:\/\/www.sprachschule-aktiv-rosenheim.de\/es\/\" \/>\n<meta property=\"og:locale\" content=\"es_ES\" \/>\n<meta property=\"og:type\" content=\"article\" \/>\n<meta property=\"og:title\" content=\"Cursos de alem\u00e1n en Rosenheim \u2013 A1, A2, B1, B2, C1, C2\" \/>\n<meta property=\"og:description\" content=\"Aprende alem\u00e1n en Rosenheim con cursos A1\u2013C2. Grupos peque\u00f1os, profesores cualificados y horarios flexibles. Ideal para trabajo o estudios\" \/>\n<meta property=\"og:url\" content=\"https:\/\/www.sprachschule-aktiv-rosenheim.de\/es\/\" \/>\n<meta property=\"og:site_name\" content=\"Sprachschule Aktiv Rosenheim\" \/>\n<meta property=\"article:modified_time\" content=\"2025-12-03T05:30:32+00:00\" \/>\n<meta property=\"og:image\" content=\"https:\/\/www.sprachschule-aktiv-rosenheim.de\/wp-content\/uploads\/2020\/02\/sprachkurse-rosenheim.jpg\" \/>\n<meta name=\"twitter:card\" content=\"summary_large_image\" \/>\n<meta name=\"twitter:label1\" content=\"Est. reading time\" \/>\n\t<meta name=\"twitter:data1\" content=\"7 minutes\" \/>\n<script type=\"application\/ld+json\" class=\"yoast-schema-graph\">{\"@context\":\"https:\/\/schema.org\",\"@graph\":[{\"@type\":\"WebPage\",\"@id\":\"https:\/\/www.sprachschule-aktiv-rosenheim.de\/es\/\",\"url\":\"https:\/\/www.sprachschule-aktiv-rosenheim.de\/es\/\",\"name\":\"Cursos de alem\u00e1n en Rosenheim \u2013 A1, A2, B1, B2, C1, C2\",\"isPartOf\":{\"@id\":\"https:\/\/www.sprachschule-aktiv-rosenheim.de\/#website\"},\"primaryImageOfPage\":{\"@id\":\"https:\/\/www.sprachschule-aktiv-rosenheim.de\/es\/#primaryimage\"},\"image\":{\"@id\":\"https:\/\/www.sprachschule-aktiv-rosenheim.de\/es\/#primaryimage\"},\"thumbnailUrl\":\"https:\/\/www.sprachschule-aktiv-rosenheim.de\/wp-content\/uploads\/2020\/02\/sprachkurse-rosenheim.jpg\",\"datePublished\":\"2018-01-11T17:49:20+00:00\",\"dateModified\":\"2025-12-03T05:30:32+00:00\",\"description\":\"Aprende alem\u00e1n en Rosenheim con cursos A1\u2013C2. Grupos peque\u00f1os, profesores cualificados y horarios flexibles. Ideal para trabajo o estudios\",\"breadcrumb\":{\"@id\":\"https:\/\/www.sprachschule-aktiv-rosenheim.de\/es\/#breadcrumb\"},\"inLanguage\":\"es-ES\",\"potentialAction\":[{\"@type\":\"ReadAction\",\"target\":[\"https:\/\/www.sprachschule-aktiv-rosenheim.de\/es\/\"]}]},{\"@type\":\"ImageObject\",\"inLanguage\":\"es-ES\",\"@id\":\"https:\/\/www.sprachschule-aktiv-rosenheim.de\/es\/#primaryimage\",\"url\":\"https:\/\/www.sprachschule-aktiv-rosenheim.de\/wp-content\/uploads\/2020\/02\/sprachkurse-rosenheim.jpg\",\"contentUrl\":\"https:\/\/www.sprachschule-aktiv-rosenheim.de\/wp-content\/uploads\/2020\/02\/sprachkurse-rosenheim.jpg\"},{\"@type\":\"BreadcrumbList\",\"@id\":\"https:\/\/www.sprachschule-aktiv-rosenheim.de\/es\/#breadcrumb\",\"itemListElement\":[{\"@type\":\"ListItem\",\"position\":1,\"name\":\"Startseite\",\"item\":\"https:\/\/www.sprachschule-aktiv-rosenheim.de\/es\/\"},{\"@type\":\"ListItem\",\"position\":2,\"name\":\"Home\"}]},{\"@type\":\"WebSite\",\"@id\":\"https:\/\/www.sprachschule-aktiv-rosenheim.de\/#website\",\"url\":\"https:\/\/www.sprachschule-aktiv-rosenheim.de\/\",\"name\":\"Sprachschule Aktiv Rosenheim\",\"description\":\"\",\"potentialAction\":[{\"@type\":\"SearchAction\",\"target\":{\"@type\":\"EntryPoint\",\"urlTemplate\":\"https:\/\/www.sprachschule-aktiv-rosenheim.de\/?s={search_term_string}\"},\"query-input\":{\"@type\":\"PropertyValueSpecification\",\"valueRequired\":true,\"valueName\":\"search_term_string\"}}],\"inLanguage\":\"es-ES\"}]}<\/script>\n<!-- \/ Yoast SEO plugin. -->","yoast_head_json":{"title":"Cursos de alem\u00e1n en Rosenheim \u2013 A1, A2, B1, B2, C1, C2","description":"Aprende alem\u00e1n en Rosenheim con cursos A1\u2013C2. Grupos peque\u00f1os, profesores cualificados y horarios flexibles. Ideal para trabajo o estudios","robots":{"index":"index","follow":"follow","max-snippet":"max-snippet:-1","max-image-preview":"max-image-preview:large","max-video-preview":"max-video-preview:-1"},"canonical":"https:\/\/www.sprachschule-aktiv-rosenheim.de\/es\/","og_locale":"es_ES","og_type":"article","og_title":"Cursos de alem\u00e1n en Rosenheim \u2013 A1, A2, B1, B2, C1, C2","og_description":"Aprende alem\u00e1n en Rosenheim con cursos A1\u2013C2. Grupos peque\u00f1os, profesores cualificados y horarios flexibles. Ideal para trabajo o estudios","og_url":"https:\/\/www.sprachschule-aktiv-rosenheim.de\/es\/","og_site_name":"Sprachschule Aktiv Rosenheim","article_modified_time":"2025-12-03T05:30:32+00:00","og_image":[{"url":"https:\/\/www.sprachschule-aktiv-rosenheim.de\/wp-content\/uploads\/2020\/02\/sprachkurse-rosenheim.jpg","type":"","width":"","height":""}],"twitter_card":"summary_large_image","twitter_misc":{"Est. reading time":"7 minutes"},"schema":{"@context":"https:\/\/schema.org","@graph":[{"@type":"WebPage","@id":"https:\/\/www.sprachschule-aktiv-rosenheim.de\/es\/","url":"https:\/\/www.sprachschule-aktiv-rosenheim.de\/es\/","name":"Cursos de alem\u00e1n en Rosenheim \u2013 A1, A2, B1, B2, C1, C2","isPartOf":{"@id":"https:\/\/www.sprachschule-aktiv-rosenheim.de\/#website"},"primaryImageOfPage":{"@id":"https:\/\/www.sprachschule-aktiv-rosenheim.de\/es\/#primaryimage"},"image":{"@id":"https:\/\/www.sprachschule-aktiv-rosenheim.de\/es\/#primaryimage"},"thumbnailUrl":"https:\/\/www.sprachschule-aktiv-rosenheim.de\/wp-content\/uploads\/2020\/02\/sprachkurse-rosenheim.jpg","datePublished":"2018-01-11T17:49:20+00:00","dateModified":"2025-12-03T05:30:32+00:00","description":"Aprende alem\u00e1n en Rosenheim con cursos A1\u2013C2. Grupos peque\u00f1os, profesores cualificados y horarios flexibles. Ideal para trabajo o estudios","breadcrumb":{"@id":"https:\/\/www.sprachschule-aktiv-rosenheim.de\/es\/#breadcrumb"},"inLanguage":"es-ES","potentialAction":[{"@type":"ReadAction","target":["https:\/\/www.sprachschule-aktiv-rosenheim.de\/es\/"]}]},{"@type":"ImageObject","inLanguage":"es-ES","@id":"https:\/\/www.sprachschule-aktiv-rosenheim.de\/es\/#primaryimage","url":"https:\/\/www.sprachschule-aktiv-rosenheim.de\/wp-content\/uploads\/2020\/02\/sprachkurse-rosenheim.jpg","contentUrl":"https:\/\/www.sprachschule-aktiv-rosenheim.de\/wp-content\/uploads\/2020\/02\/sprachkurse-rosenheim.jpg"},{"@type":"BreadcrumbList","@id":"https:\/\/www.sprachschule-aktiv-rosenheim.de\/es\/#breadcrumb","itemListElement":[{"@type":"ListItem","position":1,"name":"Startseite","item":"https:\/\/www.sprachschule-aktiv-rosenheim.de\/es\/"},{"@type":"ListItem","position":2,"name":"Home"}]},{"@type":"WebSite","@id":"https:\/\/www.sprachschule-aktiv-rosenheim.de\/#website","url":"https:\/\/www.sprachschule-aktiv-rosenheim.de\/","name":"Sprachschule Aktiv Rosenheim","description":"","potentialAction":[{"@type":"SearchAction","target":{"@type":"EntryPoint","urlTemplate":"https:\/\/www.sprachschule-aktiv-rosenheim.de\/?s={search_term_string}"},"query-input":{"@type":"PropertyValueSpecification","valueRequired":true,"valueName":"search_term_string"}}],"inLanguage":"es-ES"}]}},"_links":{"self":[{"href":"https:\/\/www.sprachschule-aktiv-rosenheim.de\/es\/wp-json\/wp\/v2\/pages\/1358","targetHints":{"allow":["GET"]}}],"collection":[{"href":"https:\/\/www.sprachschule-aktiv-rosenheim.de\/es\/wp-json\/wp\/v2\/pages"}],"about":[{"href":"https:\/\/www.sprachschule-aktiv-rosenheim.de\/es\/wp-json\/wp\/v2\/types\/page"}],"author":[{"embeddable":true,"href":"https:\/\/www.sprachschule-aktiv-rosenheim.de\/es\/wp-json\/wp\/v2\/users\/1"}],"replies":[{"embeddable":true,"href":"https:\/\/www.sprachschule-aktiv-rosenheim.de\/es\/wp-json\/wp\/v2\/comments?post=1358"}],"version-history":[{"count":6,"href":"https:\/\/www.sprachschule-aktiv-rosenheim.de\/es\/wp-json\/wp\/v2\/pages\/1358\/revisions"}],"predecessor-version":[{"id":2576,"href":"https:\/\/www.sprachschule-aktiv-rosenheim.de\/es\/wp-json\/wp\/v2\/pages\/1358\/revisions\/2576"}],"wp:attachment":[{"href":"https:\/\/www.sprachschule-aktiv-rosenheim.de\/es\/wp-json\/wp\/v2\/media?parent=1358"}],"curies":[{"name":"wp","href":"https:\/\/api.w.org\/{rel}","templated":true}]}}